{"id":2027,"date":"2024-02-19T14:27:21","date_gmt":"2024-02-19T13:27:21","guid":{"rendered":"https:\/\/detectiveprive974.com\/?page_id=2027"},"modified":"2024-03-09T08:03:18","modified_gmt":"2024-03-09T07:03:18","slug":"tarifs","status":"publish","type":"page","link":"https:\/\/detectiveprive974.com\/?page_id=2027","title":{"rendered":"Tarifs"},"content":{"rendered":"\n<div class=\"wp-block-cover alignfull has-parallax\" style=\"min-height:650px;aspect-ratio:unset;\"><span aria-hidden=\"true\" class=\"wp-block-cover__background has-background-dim\"><\/span><div role=\"img\" class=\"wp-block-cover__image-background wp-image-1941 has-parallax\" style=\"background-position:50% 50%;background-image:url(http:\/\/detectiveprive974.com\/wp-content\/uploads\/2024\/02\/volcan.jpg)\"><\/div><div class=\"wp-block-cover__inner-container is-layout-flow wp-block-cover-is-layout-flow\">\n<h1 class=\"wp-block-heading has-text-align-center has-ti-bg-color has-text-color has-link-color wp-elements-f4ffa18ea77e64fe8686cefb92af9ee2\">Grille Tarifaire<\/h1>\n<\/div><\/div>\n\n\n\n<div class=\"wp-block-group alignwide is-nowrap is-layout-flex wp-container-core-group-is-layout-6c531013 wp-block-group-is-layout-flex\">\n<div class=\"wp-block-kadence-column kadence-column2027_a606da-3c\"><div class=\"kt-inside-inner-col\">\n<div class=\"wp-block-kadence-column kadence-column2027_b53bbe-1d\"><div class=\"kt-inside-inner-col\">\n<h1 class=\"kt-adv-heading2027_3c8dc3-8f wp-block-kadence-advancedheading\" data-kb-block=\"kb-adv-heading2027_3c8dc3-8f\">Chaque cas est unique. <\/h1>\n\n\n\n<h2 class=\"kt-adv-heading2027_c39526-5e wp-block-kadence-advancedheading\" data-kb-block=\"kb-adv-heading2027_c39526-5e\">Nous proposons un devis personnalis\u00e9 bas\u00e9 sur les exigences et les ressources n\u00e9cessaires.<\/h2>\n<\/div><\/div>\n\n\n\n<div style=\"height:47px;width:0px\" aria-hidden=\"true\" class=\"wp-block-spacer\"><\/div>\n\n\n\n<div class=\"wp-block-kadence-column kadence-column2027_a32b89-8a\"><div class=\"kt-inside-inner-col\">\n<h2 class=\"wp-block-heading\">Forfaits<\/h2>\n\n\n\n<figure class=\"wp-block-table\"><table><tbody><tr><td><strong>Type de Forfait<\/strong><\/td><td><strong>Tarif<\/strong><\/td><\/tr><tr><td>Base Forfaitaire Semaine <em>(Jour &amp; Nuit, hors Week-End)<\/em><\/td><td>2500\u20ac<\/td><\/tr><tr><td>+ Collaborateur suppl\u00e9mentaire par semaine*<\/td><td>+500\u20ac<\/td><\/tr><\/tbody><\/table><\/figure>\n<\/div><\/div>\n\n\n\n<div class=\"wp-block-kadence-column kadence-column2027_55e430-84\"><div class=\"kt-inside-inner-col\">\n<h2 class=\"wp-block-heading\">Tarifs \u00e0 l&rsquo;Heure (min. 5 heures)<\/h2>\n\n\n\n<figure class=\"wp-block-table\"><table><tbody><tr><td><strong>P\u00e9riode<\/strong><\/td><td><strong>Tarif<\/strong><\/td><\/tr><tr><td>Diurne Semaine<\/td><td>70\u20ac\/heure<\/td><\/tr><tr><td>Week-End et Jours F\u00e9ri\u00e9s<\/td><td>100\u20ac\/heure<\/td><\/tr><tr><td>Nocturne Semaine**<\/td><td>105\u20ac\/heure<\/td><\/tr><tr><td>Nocturne Week-End et Jours F\u00e9ri\u00e9s**<\/td><td>175\u20ac\/heure<\/td><\/tr><\/tbody><\/table><\/figure>\n<\/div><\/div>\n\n\n\n<div class=\"wp-block-kadence-column kadence-column2027_9d055c-02\"><div class=\"kt-inside-inner-col\">\n<h2 class=\"wp-block-heading\">Conditions et Annotations<\/h2>\n\n\n\n<p>*Les tarifs pour un collaborateur suppl\u00e9mentaire s&rsquo;appliquent en plus du forfait de base.<br>**Nocturne : Avant 06h00 et apr\u00e8s 18h00<br>Hors forfait : 0,45\u20ac\/km pour les d\u00e9placements<\/p>\n<\/div><\/div>\n\n\n\n<div class=\"wp-block-kadence-column kadence-column2027_7b9674-7b\"><div class=\"kt-inside-inner-col\">\n<h2 class=\"wp-block-heading\">Services Gratuits<\/h2>\n\n\n\n<p>&#8211; Frais de dossier<br>&#8211; Heures de r\u00e9daction<br>&#8211; Mat\u00e9riel et fournitures<br>&#8211; Suivi du dossier<br><\/p>\n<\/div><\/div>\n<\/div><\/div>\n<\/div>\n","protected":false},"excerpt":{"rendered":"<p>Chaque cas est unique. Nous proposons un devis personnalis\u00e9 bas\u00e9 sur les exigences et les ressources n\u00e9cessaires. Forfaits Type de Forfait Tarif Base Forfaitaire Semaine (Jour &amp; Nuit, hors Week-End) 2500\u20ac + Collaborateur suppl\u00e9mentaire par semaine* +500\u20ac Tarifs \u00e0 l&rsquo;Heure (min. 5 heures) P\u00e9riode Tarif Diurne Semaine 70\u20ac\/heure Week-End et Jours F\u00e9ri\u00e9s 100\u20ac\/heure Nocturne Semaine** [&hellip;]<\/p>\n","protected":false},"author":1,"featured_media":0,"parent":0,"menu_order":0,"comment_status":"closed","ping_status":"closed","template":"template-blank","meta":{"footnotes":""},"class_list":["post-2027","page","type-page","status-publish","hentry"],"_links":{"self":[{"href":"https:\/\/detectiveprive974.com\/index.php?rest_route=\/wp\/v2\/pages\/2027","targetHints":{"allow":["GET"]}}],"collection":[{"href":"https:\/\/detectiveprive974.com\/index.php?rest_route=\/wp\/v2\/pages"}],"about":[{"href":"https:\/\/detectiveprive974.com\/index.php?rest_route=\/wp\/v2\/types\/page"}],"author":[{"embeddable":true,"href":"https:\/\/detectiveprive974.com\/index.php?rest_route=\/wp\/v2\/users\/1"}],"replies":[{"embeddable":true,"href":"https:\/\/detectiveprive974.com\/index.php?rest_route=%2Fwp%2Fv2%2Fcomments&post=2027"}],"version-history":[{"count":13,"href":"https:\/\/detectiveprive974.com\/index.php?rest_route=\/wp\/v2\/pages\/2027\/revisions"}],"predecessor-version":[{"id":2419,"href":"https:\/\/detectiveprive974.com\/index.php?rest_route=\/wp\/v2\/pages\/2027\/revisions\/2419"}],"wp:attachment":[{"href":"https:\/\/detectiveprive974.com\/index.php?rest_route=%2Fwp%2Fv2%2Fmedia&parent=2027"}],"curies":[{"name":"wp","href":"https:\/\/api.w.org\/{rel}","templated":true}]}}