{"id":2023,"date":"2024-02-19T14:26:56","date_gmt":"2024-02-19T13:26:56","guid":{"rendered":"https:\/\/detectiveprive974.com\/?page_id=2023"},"modified":"2024-03-09T08:09:12","modified_gmt":"2024-03-09T07:09:12","slug":"faq","status":"publish","type":"page","link":"https:\/\/detectiveprive974.com\/?page_id=2023","title":{"rendered":"faq"},"content":{"rendered":"\n<div class=\"wp-block-cover alignfull has-parallax\" style=\"margin-top:0;padding-top:5vw;padding-right:5vw;padding-bottom:5vw;padding-left:5vw;min-height:650px;aspect-ratio:unset;\"><span aria-hidden=\"true\" class=\"wp-block-cover__background has-background-dim\"><\/span><div role=\"img\" class=\"wp-block-cover__image-background wp-image-1942 has-parallax\" style=\"background-position:50% 50%;background-image:url(http:\/\/detectiveprive974.com\/wp-content\/uploads\/2024\/02\/beach.jpg)\"><\/div><div class=\"wp-block-cover__inner-container is-layout-flow wp-block-cover-is-layout-flow\">\n<h1 class=\"kt-adv-heading2023_e3b09d-cd wp-block-kadence-advancedheading\" data-kb-block=\"kb-adv-heading2023_e3b09d-cd\">Vos questions les plus fr\u00e9quentes<\/h1>\n<\/div><\/div>\n\n\n\n<div class=\"wp-block-group alignwide is-vertical is-content-justification-center is-layout-flex wp-container-core-group-is-layout-6363bf74 wp-block-group-is-layout-flex\">\n<div class=\"wp-block-kadence-column kadence-column2023_4524db-42\"><div class=\"kt-inside-inner-col\">\n<h1 class=\"kt-adv-heading2023_4bb120-d5 wp-block-kadence-advancedheading\" data-kb-block=\"kb-adv-heading2023_4bb120-d5\">Bienvenue dans notre section FAQ<\/h1>\n\n\n\n<h2 class=\"kt-adv-heading2023_72fda4-47 wp-block-kadence-advancedheading\" data-kb-block=\"kb-adv-heading2023_72fda4-47\">Cette FAQ est con\u00e7ue pour vous offrir un aper\u00e7u rapide de notre expertise et de la mani\u00e8re dont nous pouvons vous aider.<\/h2>\n<\/div><\/div>\n\n\n\n<div class=\"wp-block-kadence-column kadence-column2023_ea7480-42\"><div class=\"kt-inside-inner-col\">\n<h3 class=\"wp-block-heading\"><strong>1\/ Relatives \u00e0 l\u2019enqu\u00eateur de droit priv\u00e9<\/strong><\/h3>\n\n\n\n<h4 class=\"wp-block-heading\">&#8211; <em>Puis-je enqu\u00eater moi-m\u00eame et pr\u00e9senter les preuves au juge dans le cadre d\u2019une proc\u00e9dure civile ?<\/em><\/h4>\n\n\n\n<p>Oui, tout le monde peut enqu\u00eater. Il faut simplement savoir pr\u00e9senter de bonnes preuves !<\/p>\n\n\n\n<h4 class=\"wp-block-heading\">&#8211; <em>Pourquoi dois-je privil\u00e9gier un Enqu\u00eateur Priv\u00e9 (D\u00e9tective Priv\u00e9) ?<\/em><\/h4>\n\n\n\n<p>L\u2019Enqu\u00eateur Priv\u00e9 ou D\u00e9tective Priv\u00e9 est une personne qualifi\u00e9e, qui conduira avec objectivit\u00e9 l\u2019enqu\u00eate. Celle-ci permettra \u00e0 votre avocat de pr\u00e9senter au Juge des \u00e9l\u00e9ments qu\u2019il constatera. Ce dernier disposera d\u2019un support pour affiner son jugement.<\/p>\n\n\n\n<h4 class=\"wp-block-heading\"><em>&#8211; Quel est donc le r\u00f4le de l\u2019Enqu\u00eateur dans la proc\u00e9dure ?<\/em><\/h4>\n\n\n\n<p>Le r\u00f4le du d\u00e9tective est justement d\u2019administrer les preuves aupr\u00e8s des tribunaux \u00e9tant donn\u00e9 que son rapport est recevable devant les juridictions.<\/p>\n\n\n\n<h4 class=\"wp-block-heading\">&#8211; <em>Comment choisir un enqu\u00eateur ?<\/em><\/h4>\n\n\n\n<p>Un Enqu\u00eateur Priv\u00e9 doit avant tout \u00eatre agr\u00e9\u00e9 afin de fournir une prestation en toute l\u00e9galit\u00e9. Il dispose donc d\u2019un num\u00e9ro d\u2019agr\u00e9ment. Apr\u00e8s, \u00e0 vous de vous faire un choix. Rien ne vaut les appr\u00e9ciations des personnes qui ont fait appel \u00e0 leurs services.<\/p>\n\n\n\n<h4 class=\"wp-block-heading\">&#8211; <em>Quels sont les obligations d\u2019un enqu\u00eateur ?<\/em><\/h4>\n\n\n\n<p>L\u2019enqu\u00eateur a pour obligation de fournir un travail, de rendre un rapport. Il n\u2019a pas obligation de r\u00e9sultat. En plus de son Siret, il est tenu de pr\u00e9senter une assurance responsabilit\u00e9 civile et professionnelle.<\/p>\n\n\n\n<p>Vous pouvez obtenir plus amples informations dans le&nbsp;<a href=\"https:\/\/web.archive.org\/web\/20230331032116\/http:\/\/detectiveprive974.com\/wp-content\/uploads\/2014\/10\/livre-blanc-recherche-privee-detective.pdf\">livre blanc de l\u2019enqu\u00eateur<\/a>&nbsp;de droit priv\u00e9 ou poser une question directement \u00e0 l\u2019Enqu\u00eateur dans la zone \u00ab Contact \u00bb.<\/p>\n<\/div><\/div>\n\n\n\n<div class=\"wp-block-kadence-column kadence-column2023_2c2c54-5f\"><div class=\"kt-inside-inner-col\">\n<h3 class=\"wp-block-heading\"><strong>2\/ Relatives \u00e0 l\u2019avocat.<\/strong><\/h3>\n\n\n\n<h4 class=\"wp-block-heading\">&#8211; <em>Quel est le r\u00f4le de l\u2019avocat vis-\u00e0-vis de l\u2019enqu\u00eateur ?<\/em><\/h4>\n\n\n\n<p>L\u2019avocat n\u2019a pas pour r\u00f4le de mener une enqu\u00eate pour obtenir des informations sur une situation. Il se base sur les documents que vous lui apport\u00e9s. Le rapport circonstanci\u00e9 de l\u2019enqu\u00eateur va \u00e9tayer votre dossier. Aussi, les relations entre avocat et enqu\u00eateur par votre interm\u00e9diaire sont importantes, car en fonction des \u00e9l\u00e9ments \u00e0 mettre en \u00e9vidence, l\u2019enqu\u00eate d\u00e9terminera l\u2019objet pr\u00e9cis de sa mission.<\/p>\n<\/div><\/div>\n\n\n\n<div class=\"wp-block-kadence-column kadence-column2023_2bfc59-da\"><div class=\"kt-inside-inner-col\">\n<h3 class=\"wp-block-heading\"><strong>3\/ Au regard de la Loi.<\/strong><\/h3>\n\n\n\n<h4 class=\"wp-block-heading\">&#8211; <em>Quel texte de Loi m\u2019autorise \u00e0 faire appel \u00e0 un Enqu\u00eateur de droit priv\u00e9 ?<\/em><\/h4>\n\n\n\n<p>En mati\u00e8re civile, la loi pr\u00e9voit dans son article 1215 du Code civil : \u00ab&nbsp;Celui qui r\u00e9clame l\u2019ex\u00e9cution d\u2019une obligation doit la prouver. R\u00e9ciproquement, celui qui se pr\u00e9tend lib\u00e9r\u00e9 doit justifier le paiement ou le fait qui a produit l\u2019extinction de son obligation&nbsp;\u00bb. En r\u00e9sum\u00e9, si vous voulez prouver quelque chose, vous devez vous m\u00eame apporter les \u00e9l\u00e9ments n\u00e9cessaires pour que le juge puisse les constater et prendre les d\u00e9cisions ad\u00e9quates.<\/p>\n<\/div><\/div>\n<\/div>\n\n\n\n<h6 class=\"kt-adv-heading2023_0e0087-3d wp-block-kadence-advancedheading\" data-kb-block=\"kb-adv-heading2023_0e0087-3d\">Si votre question n&rsquo;est pas r\u00e9pertori\u00e9e ici, n&rsquo;h\u00e9sitez pas \u00e0 nous contacter directement pour une assistance personnalis\u00e9e.<\/h6>\n","protected":false},"excerpt":{"rendered":"<p>Bienvenue dans notre section FAQ Cette FAQ est con\u00e7ue pour vous offrir un aper\u00e7u rapide de notre expertise et de la mani\u00e8re dont nous pouvons vous aider. 1\/ Relatives \u00e0 l\u2019enqu\u00eateur de droit priv\u00e9 &#8211; Puis-je enqu\u00eater moi-m\u00eame et pr\u00e9senter les preuves au juge dans le cadre d\u2019une proc\u00e9dure civile ? Oui, tout le monde [&hellip;]<\/p>\n","protected":false},"author":1,"featured_media":0,"parent":0,"menu_order":0,"comment_status":"closed","ping_status":"closed","template":"template-blank","meta":{"footnotes":""},"class_list":["post-2023","page","type-page","status-publish","hentry"],"_links":{"self":[{"href":"https:\/\/detectiveprive974.com\/index.php?rest_route=\/wp\/v2\/pages\/2023","targetHints":{"allow":["GET"]}}],"collection":[{"href":"https:\/\/detectiveprive974.com\/index.php?rest_route=\/wp\/v2\/pages"}],"about":[{"href":"https:\/\/detectiveprive974.com\/index.php?rest_route=\/wp\/v2\/types\/page"}],"author":[{"embeddable":true,"href":"https:\/\/detectiveprive974.com\/index.php?rest_route=\/wp\/v2\/users\/1"}],"replies":[{"embeddable":true,"href":"https:\/\/detectiveprive974.com\/index.php?rest_route=%2Fwp%2Fv2%2Fcomments&post=2023"}],"version-history":[{"count":19,"href":"https:\/\/detectiveprive974.com\/index.php?rest_route=\/wp\/v2\/pages\/2023\/revisions"}],"predecessor-version":[{"id":2427,"href":"https:\/\/detectiveprive974.com\/index.php?rest_route=\/wp\/v2\/pages\/2023\/revisions\/2427"}],"wp:attachment":[{"href":"https:\/\/detectiveprive974.com\/index.php?rest_route=%2Fwp%2Fv2%2Fmedia&parent=2023"}],"curies":[{"name":"wp","href":"https:\/\/api.w.org\/{rel}","templated":true}]}}